{"id":30,"date":"2022-08-24T03:45:17","date_gmt":"2022-08-24T01:45:17","guid":{"rendered":"https:\/\/demo.ovatheme.com\/mellis\/?page_id=30"},"modified":"2023-08-24T14:06:04","modified_gmt":"2023-08-24T12:06:04","slug":"contact","status":"publish","type":"page","link":"https:\/\/beautezenmarseille.fr\/?page_id=30","title":{"rendered":"Contact"},"content":{"rendered":"\t\t<div data-elementor-type=\"wp-page\" data-elementor-id=\"30\" class=\"elementor elementor-30\" data-elementor-post-type=\"page\">\n\t\t\t\t\t\t\t\t\t<section class=\"elementor-section elementor-top-section elementor-element elementor-element-12200a7 elementor-section-full_width elementor-section-height-default elementor-section-height-default\" data-id=\"12200a7\" data-element_type=\"section\" data-settings=\"{&quot;background_background&quot;:&quot;classic&quot;}\">\n\t\t\t\t\t\t<div class=\"elementor-container elementor-column-gap-default\">\n\t\t\t\t\t<div class=\"elementor-column elementor-col-100 elementor-top-column elementor-element elementor-element-425e88d\" data-id=\"425e88d\" data-element_type=\"column\">\n\t\t\t<div class=\"elementor-widget-wrap elementor-element-populated\">\n\t\t\t\t\t\t\t\t<div class=\"elementor-element elementor-element-f357b60 elementor--h-position-center elementor--v-position-middle elementor-arrows-position-inside elementor-pagination-position-inside elementor-widget elementor-widget-slides\" data-id=\"f357b60\" data-element_type=\"widget\" data-settings=\"{&quot;navigation&quot;:&quot;both&quot;,&quot;autoplay&quot;:&quot;yes&quot;,&quot;pause_on_hover&quot;:&quot;yes&quot;,&quot;pause_on_interaction&quot;:&quot;yes&quot;,&quot;autoplay_speed&quot;:5000,&quot;infinite&quot;:&quot;yes&quot;,&quot;transition&quot;:&quot;slide&quot;,&quot;transition_speed&quot;:500}\" data-widget_type=\"slides.default\">\n\t\t\t\t<div class=\"elementor-widget-container\">\n\t\t\t<style>\/*! elementor-pro - v3.16.0 - 20-09-2023 *\/\n.elementor-slides .swiper-slide-bg{background-size:cover;background-position:50%;background-repeat:no-repeat;min-width:100%;min-height:100%}.elementor-slides .swiper-slide-inner{background-repeat:no-repeat;background-position:50%;position:absolute;top:0;left:0;bottom:0;right:0;padding:50px;margin:auto}.elementor-slides .swiper-slide-inner,.elementor-slides .swiper-slide-inner:hover{color:#fff;display:flex}.elementor-slides .swiper-slide-inner .elementor-background-overlay{position:absolute;z-index:0;top:0;bottom:0;left:0;right:0}.elementor-slides .swiper-slide-inner .elementor-slide-content{position:relative;z-index:1;width:100%}.elementor-slides .swiper-slide-inner .elementor-slide-heading{font-size:35px;font-weight:700;line-height:1}.elementor-slides .swiper-slide-inner .elementor-slide-description{font-size:17px;line-height:1.4}.elementor-slides .swiper-slide-inner .elementor-slide-description:not(:last-child),.elementor-slides .swiper-slide-inner .elementor-slide-heading:not(:last-child){margin-bottom:30px}.elementor-slides .swiper-slide-inner .elementor-slide-button{border:2px solid #fff;color:#fff;background:transparent;display:inline-block}.elementor-slides .swiper-slide-inner .elementor-slide-button,.elementor-slides .swiper-slide-inner .elementor-slide-button:hover{background:transparent;color:inherit;text-decoration:none}.elementor--v-position-top .swiper-slide-inner{align-items:flex-start}.elementor--v-position-bottom .swiper-slide-inner{align-items:flex-end}.elementor--v-position-middle .swiper-slide-inner{align-items:center}.elementor--h-position-left .swiper-slide-inner{justify-content:flex-start}.elementor--h-position-right .swiper-slide-inner{justify-content:flex-end}.elementor--h-position-center .swiper-slide-inner{justify-content:center}body.rtl .elementor-widget-slides .elementor-swiper-button-next{left:10px;right:auto}body.rtl .elementor-widget-slides .elementor-swiper-button-prev{right:10px;left:auto}.elementor-slides-wrapper div:not(.swiper-slide)>.swiper-slide-inner{display:none}@media (max-width:767px){.elementor-slides .swiper-slide-inner{padding:30px}.elementor-slides .swiper-slide-inner .elementor-slide-heading{font-size:23px;line-height:1;margin-bottom:15px}.elementor-slides .swiper-slide-inner .elementor-slide-description{font-size:13px;line-height:1.4;margin-bottom:15px}}<\/style>\t\t<div class=\"elementor-swiper\">\n\t\t\t<div class=\"elementor-slides-wrapper elementor-main-swiper swiper\" dir=\"ltr\" data-animation=\"fadeInUp\">\n\t\t\t\t<div class=\"swiper-wrapper elementor-slides\">\n\t\t\t\t\t\t\t\t\t\t<div class=\"elementor-repeater-item-3a69bef swiper-slide\"><div class=\"swiper-slide-bg elementor-ken-burns elementor-ken-burns--in\" role=\"img\"><\/div><div class=\"elementor-background-overlay\"><\/div><a class=\"swiper-slide-inner\" href=\"https:\/\/api.whatsapp.com\/send\/?phone=33651912182&#038;text=Salut%2A%2A%21+j%27ai+besoin+de+plus+d%27informations++https%3A%2F%2Fbeautezenmarseille.fr&#038;type=phone_number&#038;app_absent=0\"><div class=\"swiper-slide-contents\"><div class=\"elementor-slide-heading\">Hafida votre esth\u00e9ticienne \u00e0 domicile sur Marseille<\/div><div  class=\"elementor-button elementor-slide-button elementor-size-sm\">CONTACT<\/div><\/div><\/a><\/div>\t\t\t\t<\/div>\n\t\t\t\t\t\t\t<\/div>\n\t\t<\/div>\n\t\t\t\t<\/div>\n\t\t\t\t<\/div>\n\t\t\t\t\t<\/div>\n\t\t<\/div>\n\t\t\t\t\t\t\t<\/div>\n\t\t<\/section>\n\t\t\t\t<section class=\"elementor-section elementor-top-section elementor-element elementor-element-71df6d7 elementor-section-full_width elementor-section-height-default elementor-section-height-default\" data-id=\"71df6d7\" data-element_type=\"section\">\n\t\t\t\t\t\t<div class=\"elementor-container elementor-column-gap-default\">\n\t\t\t\t\t<div class=\"elementor-column elementor-col-100 elementor-top-column elementor-element elementor-element-39c8ef7\" data-id=\"39c8ef7\" data-element_type=\"column\">\n\t\t\t<div class=\"elementor-widget-wrap elementor-element-populated\">\n\t\t\t\t\t\t\t\t<section class=\"elementor-section elementor-inner-section elementor-element elementor-element-d34747d elementor-section-full_width elementor-section-height-default elementor-section-height-default\" data-id=\"d34747d\" data-element_type=\"section\">\n\t\t\t\t\t\t<div class=\"elementor-container elementor-column-gap-default\">\n\t\t\t\t\t<div class=\"elementor-column elementor-col-100 elementor-inner-column elementor-element elementor-element-0a00e88\" data-id=\"0a00e88\" data-element_type=\"column\">\n\t\t\t<div class=\"elementor-widget-wrap elementor-element-populated\">\n\t\t\t\t\t\t\t\t<div class=\"elementor-element elementor-element-d3b3584 elementor-testimonial--layout-image_above elementor-testimonial--skin-default elementor-testimonial--align-center elementor-arrows-yes elementor-pagination-type-bullets elementor-widget elementor-widget-testimonial-carousel\" data-id=\"d3b3584\" data-element_type=\"widget\" data-settings=\"{&quot;show_arrows&quot;:&quot;yes&quot;,&quot;pagination&quot;:&quot;bullets&quot;,&quot;speed&quot;:500,&quot;autoplay&quot;:&quot;yes&quot;,&quot;autoplay_speed&quot;:5000,&quot;loop&quot;:&quot;yes&quot;,&quot;pause_on_hover&quot;:&quot;yes&quot;,&quot;pause_on_interaction&quot;:&quot;yes&quot;,&quot;space_between&quot;:{&quot;unit&quot;:&quot;px&quot;,&quot;size&quot;:10,&quot;sizes&quot;:[]},&quot;space_between_tablet&quot;:{&quot;unit&quot;:&quot;px&quot;,&quot;size&quot;:10,&quot;sizes&quot;:[]},&quot;space_between_mobile&quot;:{&quot;unit&quot;:&quot;px&quot;,&quot;size&quot;:10,&quot;sizes&quot;:[]}}\" data-widget_type=\"testimonial-carousel.default\">\n\t\t\t\t<div class=\"elementor-widget-container\">\n\t\t\t<link rel=\"stylesheet\" href=\"https:\/\/beautezenmarseille.fr\/wp-content\/plugins\/elementor-pro\/assets\/css\/widget-carousel.min.css\">\t\t<div class=\"elementor-swiper\">\n\t\t\t<div class=\"elementor-main-swiper swiper\">\n\t\t\t\t<div class=\"swiper-wrapper\">\n\t\t\t\t\t\t\t\t\t\t\t<div class=\"swiper-slide\">\n\t\t\t\t\t\t\t\t\t<div class=\"elementor-testimonial\">\n\t\t\t\t\t\t\t<div class=\"elementor-testimonial__content\">\n\t\t\t\t\t<div class=\"elementor-testimonial__text\">\n\t\t\t\t\t\t\n Les RDV sur Marseille et villes limitrophes (15 km) d\u00e8s 40\u20ac de prestations \n\nD\u00e9placement 5\u20ac\n\nLes RDV jusqu\u2019\u00e0 30 km de Marseille \u00e0 partir de 50\u20ac de prestations\n\nD\u00e9placement 8\u20ac\n\nAu-del\u00e0 de 35 km sur devis\t\t\t\t\t<\/div>\n\t\t\t\t\t<cite class=\"elementor-testimonial__cite\"><span class=\"elementor-testimonial__title\">Adresses<\/span><\/cite>\t\t\t\t<\/div>\n\t\t\t\t\t\t<div class=\"elementor-testimonial__footer\">\n\t\t\t\t\t\t\t\t\t<div class=\"elementor-testimonial__image\">\n\t\t\t\t\t\t<img decoding=\"async\" src=\"https:\/\/beautezenmarseille.fr\/wp-content\/uploads\/2023\/08\/Green-GPS-Symbol.H03.2k.webp\" alt=\"beaute zen \">\n\t\t\t\t\t\t\t\t\t\t\t<\/div>\n\t\t\t\t\t\t\t\t\t\t\t<\/div>\n\t\t<\/div>\n\t\t\t\t\t\t\t\t<\/div>\n\t\t\t\t\t\t\t\t\t\t\t<div class=\"swiper-slide\">\n\t\t\t\t\t\t\t\t\t<div class=\"elementor-testimonial\">\n\t\t\t\t\t\t\t<div class=\"elementor-testimonial__content\">\n\t\t\t\t\t<div class=\"elementor-testimonial__text\">\n\t\t\t\t\t\tPour prendre rendez-vous avec nous, veuillez nous contacter par t\u00e9l\u00e9phone ou sur WhatsApp. Nous sommes heureux de r\u00e9pondre \u00e0 toutes vos questions et de vous aider \u00e0 planifier votre rendez-vous\n\t\t\t\t\t<\/div>\n\t\t\t\t\t<cite class=\"elementor-testimonial__cite\"><span class=\"elementor-testimonial__name\">06 51 91 21 82<\/span><span class=\"elementor-testimonial__title\">T\u00e9l\u00e9phone<\/span><\/cite>\t\t\t\t<\/div>\n\t\t\t\t\t\t<div class=\"elementor-testimonial__footer\">\n\t\t\t\t\t\t\t\t\t<div class=\"elementor-testimonial__image\">\n\t\t\t\t\t\t<img decoding=\"async\" src=\"https:\/\/beautezenmarseille.fr\/wp-content\/uploads\/2023\/08\/Symbol-Phone-Call-Blue.H03.2k.webp\" alt=\"06 51 91 21 82\">\n\t\t\t\t\t\t\t\t\t\t\t<\/div>\n\t\t\t\t\t\t\t\t\t\t\t<\/div>\n\t\t<\/div>\n\t\t\t\t\t\t\t\t<\/div>\n\t\t\t\t\t\t\t\t\t\t\t<div class=\"swiper-slide\">\n\t\t\t\t\t\t\t\t\t<div class=\"elementor-testimonial\">\n\t\t\t\t\t\t\t<div class=\"elementor-testimonial__content\">\n\t\t\t\t\t<div class=\"elementor-testimonial__text\">\n\t\t\t\t\t\tLes horaires sont entre 9h et 20h du lundi au dimanche, jour f\u00e9ries inclus.\t\t\t\t\t<\/div>\n\t\t\t\t\t<cite class=\"elementor-testimonial__cite\"><span class=\"elementor-testimonial__title\">Horaires d\u2019ouverture<\/span><\/cite>\t\t\t\t<\/div>\n\t\t\t\t\t\t<div class=\"elementor-testimonial__footer\">\n\t\t\t\t\t\t\t\t\t<div class=\"elementor-testimonial__image\">\n\t\t\t\t\t\t<img decoding=\"async\" src=\"https:\/\/beautezenmarseille.fr\/wp-content\/uploads\/2023\/08\/Clock-Symbol.H03.2k.webp\" alt=\"beat zen Marseille\">\n\t\t\t\t\t\t\t\t\t\t\t<\/div>\n\t\t\t\t\t\t\t\t\t\t\t<\/div>\n\t\t<\/div>\n\t\t\t\t\t\t\t\t<\/div>\n\t\t\t\t\t\t\t\t\t\t\t<div class=\"swiper-slide\">\n\t\t\t\t\t\t\t\t\t<div class=\"elementor-testimonial\">\n\t\t\t\t\t\t\t<div class=\"elementor-testimonial__content\">\n\t\t\t\t\t<div class=\"elementor-testimonial__text\">\n\t\t\t\t\t\t\nMerci pour le respect et confort de tous de bien vouloir prendre une douche ou de bien vouloir rafraichir les parties qui vont recevoir le soin (pieds, maillot\u2026)\n\nPour certaines prestations l\u2019accord de votre m\u00e9decin, quelques questions m\u00e9dicales ou d\u00e9charge peuvent vous \u00eatre demand\u00e9es\t\t\t\t\t<\/div>\n\t\t\t\t\t<cite class=\"elementor-testimonial__cite\"><span class=\"elementor-testimonial__title\">informations<\/span><\/cite>\t\t\t\t<\/div>\n\t\t\t\t\t\t<div class=\"elementor-testimonial__footer\">\n\t\t\t\t\t\t\t\t\t<div class=\"elementor-testimonial__image\">\n\t\t\t\t\t\t<img decoding=\"async\" src=\"https:\/\/beautezenmarseille.fr\/wp-content\/uploads\/2023\/08\/Blue-White-Information-Symbol.H03.2k.webp\" alt=\"\">\n\t\t\t\t\t\t\t\t\t\t\t<\/div>\n\t\t\t\t\t\t\t\t\t\t\t<\/div>\n\t\t<\/div>\n\t\t\t\t\t\t\t\t<\/div>\n\t\t\t\t\t\t\t\t\t<\/div>\n\t\t\t\t\t\t\t\t\t\t\t\t\t\t\t<div class=\"swiper-pagination\"><\/div>\n\t\t\t\t\t\t\t\t\t\t\t\t\t\t\t\t<div class=\"elementor-swiper-button elementor-swiper-button-prev\" role=\"button\" tabindex=\"0\">\n\t\t\t\t\t\t\t<i aria-hidden=\"true\" class=\"eicon-chevron-left\"><\/i>\t\t\t\t\t\t\t<span class=\"elementor-screen-only\">Previous<\/span>\n\t\t\t\t\t\t<\/div>\n\t\t\t\t\t\t<div class=\"elementor-swiper-button elementor-swiper-button-next\" role=\"button\" tabindex=\"0\">\n\t\t\t\t\t\t\t<i aria-hidden=\"true\" class=\"eicon-chevron-right\"><\/i>\t\t\t\t\t\t\t<span class=\"elementor-screen-only\">Next<\/span>\n\t\t\t\t\t\t<\/div>\n\t\t\t\t\t\t\t\t\t\t\t\t<\/div>\n\t\t<\/div>\n\t\t\t\t<\/div>\n\t\t\t\t<\/div>\n\t\t\t\t\t<\/div>\n\t\t<\/div>\n\t\t\t\t\t\t\t<\/div>\n\t\t<\/section>\n\t\t\t\t<section class=\"elementor-section elementor-inner-section elementor-element elementor-element-b87eb86 elementor-section-boxed elementor-section-height-default elementor-section-height-default\" data-id=\"b87eb86\" data-element_type=\"section\">\n\t\t\t\t\t\t<div class=\"elementor-container elementor-column-gap-default\">\n\t\t\t\t\t<div class=\"elementor-column elementor-col-100 elementor-inner-column elementor-element elementor-element-b6cdd1e\" data-id=\"b6cdd1e\" data-element_type=\"column\">\n\t\t\t<div class=\"elementor-widget-wrap\">\n\t\t\t\t\t\t\t\t\t<\/div>\n\t\t<\/div>\n\t\t\t\t\t\t\t<\/div>\n\t\t<\/section>\n\t\t\t\t\t<\/div>\n\t\t<\/div>\n\t\t\t\t\t\t\t<\/div>\n\t\t<\/section>\n\t\t\t\t<section class=\"elementor-section elementor-top-section elementor-element elementor-element-6974781 elementor-section-boxed elementor-section-height-default elementor-section-height-default\" data-id=\"6974781\" data-element_type=\"section\">\n\t\t\t\t\t\t<div class=\"elementor-container elementor-column-gap-default\">\n\t\t\t\t\t<div class=\"elementor-column elementor-col-100 elementor-top-column elementor-element elementor-element-11926c9\" data-id=\"11926c9\" data-element_type=\"column\">\n\t\t\t<div class=\"elementor-widget-wrap elementor-element-populated\">\n\t\t\t\t\t\t\t\t<div class=\"elementor-element elementor-element-4a3fb61 elementor-widget elementor-widget-google_maps\" data-id=\"4a3fb61\" data-element_type=\"widget\" data-widget_type=\"google_maps.default\">\n\t\t\t\t<div class=\"elementor-widget-container\">\n\t\t\t<style>\/*! elementor - v3.16.0 - 14-09-2023 *\/\n.elementor-widget-google_maps .elementor-widget-container{overflow:hidden}.elementor-widget-google_maps .elementor-custom-embed{line-height:0}.elementor-widget-google_maps iframe{height:300px}<\/style>\t\t<div class=\"elementor-custom-embed\">\n\t\t\t<iframe loading=\"lazy\"\n\t\t\t\t\tsrc=\"https:\/\/maps.google.com\/maps?q=Marseille%2013001&#038;t=m&#038;z=10&#038;output=embed&#038;iwloc=near\"\n\t\t\t\t\ttitle=\"Marseille 13001\"\n\t\t\t\t\taria-label=\"Marseille 13001\"\n\t\t\t><\/iframe>\n\t\t<\/div>\n\t\t\t\t<\/div>\n\t\t\t\t<\/div>\n\t\t\t\t\t<\/div>\n\t\t<\/div>\n\t\t\t\t\t\t\t<\/div>\n\t\t<\/section>\n\t\t\t\t\t\t\t<\/div>\n\t\t","protected":false},"excerpt":{"rendered":"<p>Hafida votre esth\u00e9ticienne \u00e0 domicile sur MarseilleCONTACT Les RDV sur Marseille et villes limitrophes (15 km) d\u00e8s 40\u20ac de prestations D\u00e9placement 5\u20ac Les RDV jusqu\u2019\u00e0 30 km de Marseille \u00e0 partir de 50\u20ac de prestations D\u00e9placement 8\u20ac Au-del\u00e0 de 35 km sur devis Adresses Pour prendre rendez-vous avec nous, veuillez nous contacter par t\u00e9l\u00e9phone ou [&hellip;]<\/p>\n","protected":false},"author":1,"featured_media":0,"parent":0,"menu_order":0,"comment_status":"closed","ping_status":"closed","template":"elementor_header_footer","meta":{"_joinchat":[],"footnotes":""},"class_list":["post-30","page","type-page","status-publish","hentry"],"yoast_head":"<!-- This site is optimized with the Yoast SEO Premium plugin v21.0 (Yoast SEO v21.0) - https:\/\/yoast.com\/wordpress\/plugins\/seo\/ -->\n<title>Contact -<\/title>\n<meta name=\"robots\" content=\"index, follow, max-snippet:-1, max-image-preview:large, max-video-preview:-1\" \/>\n<link rel=\"canonical\" href=\"https:\/\/beautezenmarseille.fr\/?page_id=30\" \/>\n<meta property=\"og:locale\" content=\"fr_FR\" \/>\n<meta property=\"og:type\" content=\"article\" \/>\n<meta property=\"og:title\" content=\"Contact\" \/>\n<meta property=\"og:description\" content=\"Hafida votre esth\u00e9ticienne \u00e0 domicile sur MarseilleCONTACT Les RDV sur Marseille et villes limitrophes (15 km) d\u00e8s 40\u20ac de prestations D\u00e9placement 5\u20ac Les RDV jusqu\u2019\u00e0 30 km de Marseille \u00e0 partir de 50\u20ac de prestations D\u00e9placement 8\u20ac Au-del\u00e0 de 35 km sur devis Adresses Pour prendre rendez-vous avec nous, veuillez nous contacter par t\u00e9l\u00e9phone ou [&hellip;]\" \/>\n<meta property=\"og:url\" content=\"https:\/\/beautezenmarseille.fr\/?page_id=30\" \/>\n<meta property=\"article:modified_time\" content=\"2023-08-24T12:06:04+00:00\" \/>\n<meta property=\"og:image\" content=\"https:\/\/beautezenmarseille.fr\/wp-content\/uploads\/2023\/08\/Green-GPS-Symbol.H03.2k.webp\" \/>\n<meta name=\"twitter:card\" content=\"summary_large_image\" \/>\n<meta name=\"twitter:label1\" content=\"Dur\u00e9e de lecture estim\u00e9e\" \/>\n\t<meta name=\"twitter:data1\" content=\"1 minute\" \/>\n<script type=\"application\/ld+json\" class=\"yoast-schema-graph\">{\"@context\":\"https:\/\/schema.org\",\"@graph\":[{\"@type\":\"WebPage\",\"@id\":\"https:\/\/beautezenmarseille.fr\/?page_id=30\",\"url\":\"https:\/\/beautezenmarseille.fr\/?page_id=30\",\"name\":\"Contact -\",\"isPartOf\":{\"@id\":\"https:\/\/beautezenmarseille.fr\/#website\"},\"datePublished\":\"2022-08-24T01:45:17+00:00\",\"dateModified\":\"2023-08-24T12:06:04+00:00\",\"breadcrumb\":{\"@id\":\"https:\/\/beautezenmarseille.fr\/?page_id=30#breadcrumb\"},\"inLanguage\":\"fr-FR\",\"potentialAction\":[{\"@type\":\"ReadAction\",\"target\":[\"https:\/\/beautezenmarseille.fr\/?page_id=30\"]}]},{\"@type\":\"BreadcrumbList\",\"@id\":\"https:\/\/beautezenmarseille.fr\/?page_id=30#breadcrumb\",\"itemListElement\":[{\"@type\":\"ListItem\",\"position\":1,\"name\":\"Accueil\",\"item\":\"https:\/\/beautezenmarseille.fr\/\"},{\"@type\":\"ListItem\",\"position\":2,\"name\":\"Contact\"}]},{\"@type\":\"WebSite\",\"@id\":\"https:\/\/beautezenmarseille.fr\/#website\",\"url\":\"https:\/\/beautezenmarseille.fr\/\",\"name\":\"https:\/\/beautezenmarseille.fr\/\",\"description\":\"\",\"publisher\":{\"@id\":\"https:\/\/beautezenmarseille.fr\/#\/schema\/person\/74276a7d43c192cc98229055581ee023\"},\"potentialAction\":[{\"@type\":\"SearchAction\",\"target\":{\"@type\":\"EntryPoint\",\"urlTemplate\":\"https:\/\/beautezenmarseille.fr\/?s={search_term_string}\"},\"query-input\":\"required name=search_term_string\"}],\"inLanguage\":\"fr-FR\"},{\"@type\":[\"Person\",\"Organization\"],\"@id\":\"https:\/\/beautezenmarseille.fr\/#\/schema\/person\/74276a7d43c192cc98229055581ee023\",\"name\":\"Sabrina18\",\"image\":{\"@type\":\"ImageObject\",\"inLanguage\":\"fr-FR\",\"@id\":\"https:\/\/beautezenmarseille.fr\/#\/schema\/person\/image\/\",\"url\":\"https:\/\/beautezenmarseille.fr\/wp-content\/uploads\/2023\/08\/beautezen13.webp\",\"contentUrl\":\"https:\/\/beautezenmarseille.fr\/wp-content\/uploads\/2023\/08\/beautezen13.webp\",\"width\":1200,\"height\":850,\"caption\":\"Sabrina18\"},\"logo\":{\"@id\":\"https:\/\/beautezenmarseille.fr\/#\/schema\/person\/image\/\"},\"sameAs\":[\"https:\/\/beautezenmarseille.fr\"]}]}<\/script>\n<!-- \/ Yoast SEO Premium plugin. -->","yoast_head_json":{"title":"Contact -","robots":{"index":"index","follow":"follow","max-snippet":"max-snippet:-1","max-image-preview":"max-image-preview:large","max-video-preview":"max-video-preview:-1"},"canonical":"https:\/\/beautezenmarseille.fr\/?page_id=30","og_locale":"fr_FR","og_type":"article","og_title":"Contact","og_description":"Hafida votre esth\u00e9ticienne \u00e0 domicile sur MarseilleCONTACT Les RDV sur Marseille et villes limitrophes (15 km) d\u00e8s 40\u20ac de prestations D\u00e9placement 5\u20ac Les RDV jusqu\u2019\u00e0 30 km de Marseille \u00e0 partir de 50\u20ac de prestations D\u00e9placement 8\u20ac Au-del\u00e0 de 35 km sur devis Adresses Pour prendre rendez-vous avec nous, veuillez nous contacter par t\u00e9l\u00e9phone ou [&hellip;]","og_url":"https:\/\/beautezenmarseille.fr\/?page_id=30","article_modified_time":"2023-08-24T12:06:04+00:00","og_image":[{"url":"https:\/\/beautezenmarseille.fr\/wp-content\/uploads\/2023\/08\/Green-GPS-Symbol.H03.2k.webp"}],"twitter_card":"summary_large_image","twitter_misc":{"Dur\u00e9e de lecture estim\u00e9e":"1 minute"},"schema":{"@context":"https:\/\/schema.org","@graph":[{"@type":"WebPage","@id":"https:\/\/beautezenmarseille.fr\/?page_id=30","url":"https:\/\/beautezenmarseille.fr\/?page_id=30","name":"Contact -","isPartOf":{"@id":"https:\/\/beautezenmarseille.fr\/#website"},"datePublished":"2022-08-24T01:45:17+00:00","dateModified":"2023-08-24T12:06:04+00:00","breadcrumb":{"@id":"https:\/\/beautezenmarseille.fr\/?page_id=30#breadcrumb"},"inLanguage":"fr-FR","potentialAction":[{"@type":"ReadAction","target":["https:\/\/beautezenmarseille.fr\/?page_id=30"]}]},{"@type":"BreadcrumbList","@id":"https:\/\/beautezenmarseille.fr\/?page_id=30#breadcrumb","itemListElement":[{"@type":"ListItem","position":1,"name":"Accueil","item":"https:\/\/beautezenmarseille.fr\/"},{"@type":"ListItem","position":2,"name":"Contact"}]},{"@type":"WebSite","@id":"https:\/\/beautezenmarseille.fr\/#website","url":"https:\/\/beautezenmarseille.fr\/","name":"https:\/\/beautezenmarseille.fr\/","description":"","publisher":{"@id":"https:\/\/beautezenmarseille.fr\/#\/schema\/person\/74276a7d43c192cc98229055581ee023"},"potentialAction":[{"@type":"SearchAction","target":{"@type":"EntryPoint","urlTemplate":"https:\/\/beautezenmarseille.fr\/?s={search_term_string}"},"query-input":"required name=search_term_string"}],"inLanguage":"fr-FR"},{"@type":["Person","Organization"],"@id":"https:\/\/beautezenmarseille.fr\/#\/schema\/person\/74276a7d43c192cc98229055581ee023","name":"Sabrina18","image":{"@type":"ImageObject","inLanguage":"fr-FR","@id":"https:\/\/beautezenmarseille.fr\/#\/schema\/person\/image\/","url":"https:\/\/beautezenmarseille.fr\/wp-content\/uploads\/2023\/08\/beautezen13.webp","contentUrl":"https:\/\/beautezenmarseille.fr\/wp-content\/uploads\/2023\/08\/beautezen13.webp","width":1200,"height":850,"caption":"Sabrina18"},"logo":{"@id":"https:\/\/beautezenmarseille.fr\/#\/schema\/person\/image\/"},"sameAs":["https:\/\/beautezenmarseille.fr"]}]}},"_links":{"self":[{"href":"https:\/\/beautezenmarseille.fr\/index.php?rest_route=\/wp\/v2\/pages\/30","targetHints":{"allow":["GET"]}}],"collection":[{"href":"https:\/\/beautezenmarseille.fr\/index.php?rest_route=\/wp\/v2\/pages"}],"about":[{"href":"https:\/\/beautezenmarseille.fr\/index.php?rest_route=\/wp\/v2\/types\/page"}],"author":[{"embeddable":true,"href":"https:\/\/beautezenmarseille.fr\/index.php?rest_route=\/wp\/v2\/users\/1"}],"replies":[{"embeddable":true,"href":"https:\/\/beautezenmarseille.fr\/index.php?rest_route=%2Fwp%2Fv2%2Fcomments&post=30"}],"version-history":[{"count":129,"href":"https:\/\/beautezenmarseille.fr\/index.php?rest_route=\/wp\/v2\/pages\/30\/revisions"}],"predecessor-version":[{"id":6085,"href":"https:\/\/beautezenmarseille.fr\/index.php?rest_route=\/wp\/v2\/pages\/30\/revisions\/6085"}],"wp:attachment":[{"href":"https:\/\/beautezenmarseille.fr\/index.php?rest_route=%2Fwp%2Fv2%2Fmedia&parent=30"}],"curies":[{"name":"wp","href":"https:\/\/api.w.org\/{rel}","templated":true}]}}